{"id":1374,"date":"2021-01-08T17:36:17","date_gmt":"2021-01-08T17:36:17","guid":{"rendered":"https:\/\/dufb.wpengine.com\/como-funciona-double-up-food-bucks\/obtenga-la-aplicacion-movil-myfresh-wallet-de-double-up\/"},"modified":"2022-10-19T19:41:02","modified_gmt":"2022-10-19T19:41:02","slug":"obtenga-la-aplicacion-movil-myfresh-wallet-de-double-up","status":"publish","type":"page","link":"https:\/\/doubleupfoodbucks.org\/es\/como-funciona-double-up-food-bucks\/obtenga-la-aplicacion-movil-myfresh-wallet-de-double-up\/","title":{"rendered":"Obtenga la Aplicaci\u00f3n M\u00f3vil MyFresh Wallet de Double Up"},"content":{"rendered":"\n<h1>\n\t\tObtenga la Aplicaci\u00f3n M\u00f3vil MyFresh Wallet de Double Up\n\t<\/h1>\n\t<p>\u00bfTiene usted una Bridge Card y usa una Double Up Card? Ahora usted puede tener acceso a toda la informaci\u00f3n relacionada con su <em>Double Up Food Bucks<\/em> en un solo lugar y sobre la marcha<\/p>\n<a href=\"https:\/\/play.google.com\/store\/apps\/details?id=com.myepicidea.myfreshwallet&amp;hl=en&amp;gl=US\" target=\"_blank\" rel=\"noopener\">\n<img decoding=\"async\" src=\"\/wp-content\/uploads\/2020\/11\/mobile_android.png\" alt=\"Get it on Google Play\" \/>\n<span class='acc_external'>Abrir en otra ventana<\/span>\n<\/a>\n<a href=\"#\" target=\"_blank\" rel=\"noopener\">\n<img decoding=\"async\" src=\"\/wp-content\/uploads\/2020\/11\/mobile_iphone.png\" alt=\"Download on the App Store\" \/>\n<span class='acc_external'>Abrir en otra ventana<\/span>\n<\/a>\n\t\t\t\t<img loading=\"lazy\" decoding=\"async\" src=\"https:\/\/doubleupfoodbucks.org\/wp-content\/uploads\/\/2020\/11\/wave_bottom5.svg\" alt=\"wave_bottom5\" height=\"141\" width=\"1367\" title=\"wave_bottom5\" \/>\n<h2>\n\t\t \u00bfPorqu\u00e9 me conviene usar la aplicaci\u00f3n m\u00f3vil MyFresh Wallet de Double Up?\n\t<\/h2>\n\t<ul>\n<li>Pague por frutas y verduras -es r\u00e1pido y muy f\u00e1cil<\/li>\n<li>Guarde sus Double Up Food Bucks en su tel\u00e9fono m\u00f3vil<\/li>\n<li>Consulte el saldo de su Double Up en cualquier momento<\/li>\n<li>Consulte el historial de sus transacciones de Double Up<\/li>\n<li>Busque locales participantes<\/li>\n<li>Obtenga actualizaciones directamente en su tel\u00e9fono m\u00f3vil<\/li>\n<li>Adem\u00e1s, \u00a1funciona junto a su tarjeta Double Up!<\/li>\n<\/ul>\n\t<p>Double\u00a0Up&#8217;s MyFresh Wallet app is available to everyone in Michigan.<\/p>\n<p><strong>If you use the Double\u00a0Up card at\u00a0<a href=\"https:\/\/ddoubleupfood.wpengine.com\/how-double-up-works\/how-it-works-in-flint\/\">Double Up Food Bucks locations in Flint<\/a>\u00a0and at select locations in Detroit, Grand Rapids and Ypsilanti, you can use the app to buy fruits and veggies.<\/strong><\/p>\n<p>If you don&#8217;t use a Double\u00a0Up card, you can still use the app to find Double Up locations, receive updates on what fruits and vegetables are in season, get tips on making the most of your Double Up Food Bucks, and more.<\/p>\n<p>More great app features are coming. To be the first to hear when they&#8217;re available, or to learn when MyFresh Wallet expands to more locations, sign up for our\u00a0<a href=\"https:\/\/ddoubleupfood.wpengine.com\/how-double-up-works\/get-the-double-up-app\/#newsletter\">newsletter<\/a>.<\/p>\n\t\t\t\t<img loading=\"lazy\" decoding=\"async\" src=\"https:\/\/doubleupfoodbucks.org\/wp-content\/uploads\/\/2020\/11\/wave_bottom4.svg\" alt=\"wave_bottom4\" height=\"171\" width=\"1366\" title=\"wave_bottom4\" \/>\n\u00bfC\u00f3mo hago mis compras con la aplicaci\u00f3n?\n<!-- PASO 1 -->\n1\nDescargue la aplicaci\u00f3n\nDescargue la aplicaci\u00f3n m\u00f3vil MyFresh Wallet de Double Up de Google Play Store o la App Store de Apple, e inscr\u00edbase para abrir una cuenta de Double Up Food Bucks.\n<img decoding=\"async\" src=\"\/wp-content\/uploads\/2020\/12\/app-step-1.jpg\" \/>\n<!-- PASO 2 -->\n2\nCompre frutas y verduras\nVaya a un local participante y compre los productos que sean elegibles para <em>Double Up<\/em>.\n<img decoding=\"async\" src=\"\/wp-content\/uploads\/2020\/12\/app-step-2.jpg\" \/>\n<!-- PASO 3 -->\n3\nPague con MyFresh Wallet de Double Up\nAv\u00edsele al cajero o al vendedor del mercado que usted quiere usar sus Double Up Food Bucks. El cajero leer\u00e1 el c\u00f3digo de barras de su aplicaci\u00f3n, y su saldo de Double Up se actualizar\u00e1 autom\u00e1ticamente.\nSi usted a\u00fan no tiene saldo de Double Up Food Bucks, el valor de sus compras de frutas y verduras de EBT ser\u00e1 aplicado a su saldo de Double Up Food Bucks y actualizado autom\u00e1ticamente.\n<img decoding=\"async\" src=\"\/wp-content\/uploads\/2020\/12\/app-step-3.jpg\" \/>\n\n\n\t\t\t\t<img loading=\"lazy\" decoding=\"async\" src=\"https:\/\/doubleupfoodbucks.org\/wp-content\/uploads\/\/2020\/11\/wave_top1.svg\" alt=\"wave_top1\" height=\"141\" width=\"1367\" title=\"wave_top1\" \/>\n<h2>\n\t\tDescargue la aplicaci\u00f3n m\u00f3vil MyFresh Wallet de Double Up hoy mismo\n\t<\/h2>\n\t<p>La aplicaci\u00f3n m\u00f3vil de Double Up. Es gratis y f\u00e1cil de usar. Desc\u00e1rguela hoy mismo.<\/p>\n<a href=\"https:\/\/play.google.com\/store\/apps\/details?id=com.myepicidea.myfreshwallet&amp;hl=en&amp;gl=US\" target=\"_blank\" rel=\"noopener\">\n<img decoding=\"async\" src=\"\/wp-content\/uploads\/2020\/11\/mobile_android.png\" alt=\"Get it on Google Play\" \/>\n(Link opens in a new window)\n<\/a>\n<a href=\"https:\/\/apps.apple.com\/us\/app\/myfresh-wallet\/id1509978320\" target=\"_blank\" rel=\"noopener\">\n<img decoding=\"async\" src=\"\/wp-content\/uploads\/2020\/11\/mobile_iphone.png\" alt=\"Download on the App Store\" \/>\n(Link opens in a new window)\n<\/a>\n\t\t\t\t<img loading=\"lazy\" decoding=\"async\" src=\"https:\/\/doubleupfoodbucks.org\/wp-content\/uploads\/\/2020\/11\/wave_bottom3.svg\" alt=\"wave_bottom3\" height=\"166\" width=\"1367\" title=\"wave_bottom3\" \/>\n\n","protected":false},"excerpt":{"rendered":"<p>Obtenga la Aplicaci\u00f3n M\u00f3vil MyFresh Wallet de Double Up \u00bfTiene usted una Bridge Card y usa una Double Up Card? Ahora usted puede tener acceso a toda la informaci\u00f3n relacionada con su Double Up Food Bucks en un solo lugar y sobre la marcha \u00bfPorqu\u00e9 me conviene usar la aplicaci\u00f3n m\u00f3vil MyFresh Wallet de Double&hellip;<\/p>\n","protected":false},"author":4,"featured_media":357,"parent":1371,"menu_order":0,"comment_status":"closed","ping_status":"closed","template":"","meta":{"_acf_changed":false,"inline_featured_image":false,"footnotes":""},"class_list":["post-1374","page","type-page","status-publish","has-post-thumbnail","hentry"],"acf":[],"yoast_head":"<!-- This site is optimized with the Yoast SEO plugin v27.5 - https:\/\/yoast.com\/product\/yoast-seo-wordpress\/ -->\n<title>\u00bfC\u00f3mo funciona Double Up Food Bucks? - Obtenga la Aplicaci\u00f3n M\u00f3vil de Double Up<\/title>\n<meta name=\"description\" content=\"Obtenga el doble de frutas y verduras con Double Up Food Bucks (DUFB, por sus siglas en ingl\u00e9s). Use su Bridge Card en todo Michigan para obtener m\u00e1s frutas y verduras con DUFB.\" \/>\n<meta name=\"robots\" content=\"index, follow, max-snippet:-1, max-image-preview:large, max-video-preview:-1\" \/>\n<link rel=\"canonical\" href=\"https:\/\/doubleupfoodbucks.org\/es\/como-funciona-double-up-food-bucks\/obtenga-la-aplicacion-movil-myfresh-wallet-de-double-up\/\" \/>\n<meta property=\"og:locale\" content=\"es_ES\" \/>\n<meta property=\"og:type\" content=\"article\" \/>\n<meta property=\"og:title\" content=\"\u00bfC\u00f3mo funciona Double Up Food Bucks? - Obtenga la Aplicaci\u00f3n M\u00f3vil de Double Up\" \/>\n<meta property=\"og:description\" content=\"Obtenga el doble de frutas y verduras con Double Up Food Bucks (DUFB, por sus siglas en ingl\u00e9s). Use su Bridge Card en todo Michigan para obtener m\u00e1s frutas y verduras con DUFB.\" \/>\n<meta property=\"og:url\" content=\"https:\/\/doubleupfoodbucks.org\/es\/como-funciona-double-up-food-bucks\/obtenga-la-aplicacion-movil-myfresh-wallet-de-double-up\/\" \/>\n<meta property=\"og:site_name\" content=\"Double Up Food Bucks | Michigan\" \/>\n<meta property=\"article:modified_time\" content=\"2022-10-19T19:41:02+00:00\" \/>\n<meta property=\"og:image\" content=\"https:\/\/doubleupfoodbucks.org\/wp-content\/uploads\/2020\/11\/get-the-dufb-app-hero.jpg\" \/>\n\t<meta property=\"og:image:width\" content=\"1600\" \/>\n\t<meta property=\"og:image:height\" content=\"1000\" \/>\n\t<meta property=\"og:image:type\" content=\"image\/jpeg\" \/>\n<meta name=\"twitter:card\" content=\"summary_large_image\" \/>\n<meta name=\"twitter:label1\" content=\"Tiempo de lectura\" \/>\n\t<meta name=\"twitter:data1\" content=\"2 minutos\" \/>\n<script type=\"application\/ld+json\" class=\"yoast-schema-graph\">{\"@context\":\"https:\\\/\\\/schema.org\",\"@graph\":[{\"@type\":\"WebPage\",\"@id\":\"https:\\\/\\\/doubleupfoodbucks.org\\\/es\\\/como-funciona-double-up-food-bucks\\\/obtenga-la-aplicacion-movil-myfresh-wallet-de-double-up\\\/\",\"url\":\"https:\\\/\\\/doubleupfoodbucks.org\\\/es\\\/como-funciona-double-up-food-bucks\\\/obtenga-la-aplicacion-movil-myfresh-wallet-de-double-up\\\/\",\"name\":\"\u00bfC\u00f3mo funciona Double Up Food Bucks? - Obtenga la Aplicaci\u00f3n M\u00f3vil de Double Up\",\"isPartOf\":{\"@id\":\"https:\\\/\\\/doubleupfoodbucks.org\\\/es\\\/#website\"},\"primaryImageOfPage\":{\"@id\":\"https:\\\/\\\/doubleupfoodbucks.org\\\/es\\\/como-funciona-double-up-food-bucks\\\/obtenga-la-aplicacion-movil-myfresh-wallet-de-double-up\\\/#primaryimage\"},\"image\":{\"@id\":\"https:\\\/\\\/doubleupfoodbucks.org\\\/es\\\/como-funciona-double-up-food-bucks\\\/obtenga-la-aplicacion-movil-myfresh-wallet-de-double-up\\\/#primaryimage\"},\"thumbnailUrl\":\"https:\\\/\\\/doubleupfoodbucks.org\\\/wp-content\\\/uploads\\\/2020\\\/11\\\/get-the-dufb-app-hero.jpg\",\"datePublished\":\"2021-01-08T17:36:17+00:00\",\"dateModified\":\"2022-10-19T19:41:02+00:00\",\"description\":\"Obtenga el doble de frutas y verduras con Double Up Food Bucks (DUFB, por sus siglas en ingl\u00e9s). Use su Bridge Card en todo Michigan para obtener m\u00e1s frutas y verduras con DUFB.\",\"breadcrumb\":{\"@id\":\"https:\\\/\\\/doubleupfoodbucks.org\\\/es\\\/como-funciona-double-up-food-bucks\\\/obtenga-la-aplicacion-movil-myfresh-wallet-de-double-up\\\/#breadcrumb\"},\"inLanguage\":\"es\",\"potentialAction\":[{\"@type\":\"ReadAction\",\"target\":[\"https:\\\/\\\/doubleupfoodbucks.org\\\/es\\\/como-funciona-double-up-food-bucks\\\/obtenga-la-aplicacion-movil-myfresh-wallet-de-double-up\\\/\"]}]},{\"@type\":\"ImageObject\",\"inLanguage\":\"es\",\"@id\":\"https:\\\/\\\/doubleupfoodbucks.org\\\/es\\\/como-funciona-double-up-food-bucks\\\/obtenga-la-aplicacion-movil-myfresh-wallet-de-double-up\\\/#primaryimage\",\"url\":\"https:\\\/\\\/doubleupfoodbucks.org\\\/wp-content\\\/uploads\\\/2020\\\/11\\\/get-the-dufb-app-hero.jpg\",\"contentUrl\":\"https:\\\/\\\/doubleupfoodbucks.org\\\/wp-content\\\/uploads\\\/2020\\\/11\\\/get-the-dufb-app-hero.jpg\",\"width\":1600,\"height\":1000,\"caption\":\"Un primer plano de racimos de lechuga fresca en una pantalla de productos de madera.\"},{\"@type\":\"BreadcrumbList\",\"@id\":\"https:\\\/\\\/doubleupfoodbucks.org\\\/es\\\/como-funciona-double-up-food-bucks\\\/obtenga-la-aplicacion-movil-myfresh-wallet-de-double-up\\\/#breadcrumb\",\"itemListElement\":[{\"@type\":\"ListItem\",\"position\":1,\"name\":\"Home\",\"item\":\"https:\\\/\\\/doubleupfoodbucks.org\\\/es\\\/\"},{\"@type\":\"ListItem\",\"position\":2,\"name\":\"\u00bfC\u00f3mo funciona Double Up Food Bucks?\",\"item\":\"https:\\\/\\\/doubleupfoodbucks.org\\\/es\\\/como-funciona-double-up-food-bucks\\\/\"},{\"@type\":\"ListItem\",\"position\":3,\"name\":\"Obtenga la Aplicaci\u00f3n M\u00f3vil MyFresh Wallet de Double Up\"}]},{\"@type\":\"WebSite\",\"@id\":\"https:\\\/\\\/doubleupfoodbucks.org\\\/es\\\/#website\",\"url\":\"https:\\\/\\\/doubleupfoodbucks.org\\\/es\\\/\",\"name\":\"Double Up Food Bucks | Michigan\",\"description\":\"Get FREE fruits &amp; veggies with Double Up Food Bucks\",\"potentialAction\":[{\"@type\":\"SearchAction\",\"target\":{\"@type\":\"EntryPoint\",\"urlTemplate\":\"https:\\\/\\\/doubleupfoodbucks.org\\\/es\\\/?s={search_term_string}\"},\"query-input\":{\"@type\":\"PropertyValueSpecification\",\"valueRequired\":true,\"valueName\":\"search_term_string\"}}],\"inLanguage\":\"es\"}]}<\/script>\n<!-- \/ Yoast SEO plugin. -->","yoast_head_json":{"title":"\u00bfC\u00f3mo funciona Double Up Food Bucks? - Obtenga la Aplicaci\u00f3n M\u00f3vil de Double Up","description":"Obtenga el doble de frutas y verduras con Double Up Food Bucks (DUFB, por sus siglas en ingl\u00e9s). Use su Bridge Card en todo Michigan para obtener m\u00e1s frutas y verduras con DUFB.","robots":{"index":"index","follow":"follow","max-snippet":"max-snippet:-1","max-image-preview":"max-image-preview:large","max-video-preview":"max-video-preview:-1"},"canonical":"https:\/\/doubleupfoodbucks.org\/es\/como-funciona-double-up-food-bucks\/obtenga-la-aplicacion-movil-myfresh-wallet-de-double-up\/","og_locale":"es_ES","og_type":"article","og_title":"\u00bfC\u00f3mo funciona Double Up Food Bucks? - Obtenga la Aplicaci\u00f3n M\u00f3vil de Double Up","og_description":"Obtenga el doble de frutas y verduras con Double Up Food Bucks (DUFB, por sus siglas en ingl\u00e9s). Use su Bridge Card en todo Michigan para obtener m\u00e1s frutas y verduras con DUFB.","og_url":"https:\/\/doubleupfoodbucks.org\/es\/como-funciona-double-up-food-bucks\/obtenga-la-aplicacion-movil-myfresh-wallet-de-double-up\/","og_site_name":"Double Up Food Bucks | Michigan","article_modified_time":"2022-10-19T19:41:02+00:00","og_image":[{"width":1600,"height":1000,"url":"https:\/\/doubleupfoodbucks.org\/wp-content\/uploads\/2020\/11\/get-the-dufb-app-hero.jpg","type":"image\/jpeg"}],"twitter_card":"summary_large_image","twitter_misc":{"Tiempo de lectura":"2 minutos"},"schema":{"@context":"https:\/\/schema.org","@graph":[{"@type":"WebPage","@id":"https:\/\/doubleupfoodbucks.org\/es\/como-funciona-double-up-food-bucks\/obtenga-la-aplicacion-movil-myfresh-wallet-de-double-up\/","url":"https:\/\/doubleupfoodbucks.org\/es\/como-funciona-double-up-food-bucks\/obtenga-la-aplicacion-movil-myfresh-wallet-de-double-up\/","name":"\u00bfC\u00f3mo funciona Double Up Food Bucks? - Obtenga la Aplicaci\u00f3n M\u00f3vil de Double Up","isPartOf":{"@id":"https:\/\/doubleupfoodbucks.org\/es\/#website"},"primaryImageOfPage":{"@id":"https:\/\/doubleupfoodbucks.org\/es\/como-funciona-double-up-food-bucks\/obtenga-la-aplicacion-movil-myfresh-wallet-de-double-up\/#primaryimage"},"image":{"@id":"https:\/\/doubleupfoodbucks.org\/es\/como-funciona-double-up-food-bucks\/obtenga-la-aplicacion-movil-myfresh-wallet-de-double-up\/#primaryimage"},"thumbnailUrl":"https:\/\/doubleupfoodbucks.org\/wp-content\/uploads\/2020\/11\/get-the-dufb-app-hero.jpg","datePublished":"2021-01-08T17:36:17+00:00","dateModified":"2022-10-19T19:41:02+00:00","description":"Obtenga el doble de frutas y verduras con Double Up Food Bucks (DUFB, por sus siglas en ingl\u00e9s). Use su Bridge Card en todo Michigan para obtener m\u00e1s frutas y verduras con DUFB.","breadcrumb":{"@id":"https:\/\/doubleupfoodbucks.org\/es\/como-funciona-double-up-food-bucks\/obtenga-la-aplicacion-movil-myfresh-wallet-de-double-up\/#breadcrumb"},"inLanguage":"es","potentialAction":[{"@type":"ReadAction","target":["https:\/\/doubleupfoodbucks.org\/es\/como-funciona-double-up-food-bucks\/obtenga-la-aplicacion-movil-myfresh-wallet-de-double-up\/"]}]},{"@type":"ImageObject","inLanguage":"es","@id":"https:\/\/doubleupfoodbucks.org\/es\/como-funciona-double-up-food-bucks\/obtenga-la-aplicacion-movil-myfresh-wallet-de-double-up\/#primaryimage","url":"https:\/\/doubleupfoodbucks.org\/wp-content\/uploads\/2020\/11\/get-the-dufb-app-hero.jpg","contentUrl":"https:\/\/doubleupfoodbucks.org\/wp-content\/uploads\/2020\/11\/get-the-dufb-app-hero.jpg","width":1600,"height":1000,"caption":"Un primer plano de racimos de lechuga fresca en una pantalla de productos de madera."},{"@type":"BreadcrumbList","@id":"https:\/\/doubleupfoodbucks.org\/es\/como-funciona-double-up-food-bucks\/obtenga-la-aplicacion-movil-myfresh-wallet-de-double-up\/#breadcrumb","itemListElement":[{"@type":"ListItem","position":1,"name":"Home","item":"https:\/\/doubleupfoodbucks.org\/es\/"},{"@type":"ListItem","position":2,"name":"\u00bfC\u00f3mo funciona Double Up Food Bucks?","item":"https:\/\/doubleupfoodbucks.org\/es\/como-funciona-double-up-food-bucks\/"},{"@type":"ListItem","position":3,"name":"Obtenga la Aplicaci\u00f3n M\u00f3vil MyFresh Wallet de Double Up"}]},{"@type":"WebSite","@id":"https:\/\/doubleupfoodbucks.org\/es\/#website","url":"https:\/\/doubleupfoodbucks.org\/es\/","name":"Double Up Food Bucks | Michigan","description":"Get FREE fruits &amp; veggies with Double Up Food Bucks","potentialAction":[{"@type":"SearchAction","target":{"@type":"EntryPoint","urlTemplate":"https:\/\/doubleupfoodbucks.org\/es\/?s={search_term_string}"},"query-input":{"@type":"PropertyValueSpecification","valueRequired":true,"valueName":"search_term_string"}}],"inLanguage":"es"}]}},"_links":{"self":[{"href":"https:\/\/doubleupfoodbucks.org\/es\/wp-json\/wp\/v2\/pages\/1374","targetHints":{"allow":["GET"]}}],"collection":[{"href":"https:\/\/doubleupfoodbucks.org\/es\/wp-json\/wp\/v2\/pages"}],"about":[{"href":"https:\/\/doubleupfoodbucks.org\/es\/wp-json\/wp\/v2\/types\/page"}],"author":[{"embeddable":true,"href":"https:\/\/doubleupfoodbucks.org\/es\/wp-json\/wp\/v2\/users\/4"}],"replies":[{"embeddable":true,"href":"https:\/\/doubleupfoodbucks.org\/es\/wp-json\/wp\/v2\/comments?post=1374"}],"version-history":[{"count":0,"href":"https:\/\/doubleupfoodbucks.org\/es\/wp-json\/wp\/v2\/pages\/1374\/revisions"}],"up":[{"embeddable":true,"href":"https:\/\/doubleupfoodbucks.org\/es\/wp-json\/wp\/v2\/pages\/1371"}],"wp:featuredmedia":[{"embeddable":true,"href":"https:\/\/doubleupfoodbucks.org\/es\/wp-json\/wp\/v2\/media\/357"}],"wp:attachment":[{"href":"https:\/\/doubleupfoodbucks.org\/es\/wp-json\/wp\/v2\/media?parent=1374"}],"curies":[{"name":"wp","href":"https:\/\/api.w.org\/{rel}","templated":true}]}}