{"id":1376,"date":"2021-01-08T17:41:01","date_gmt":"2021-01-08T17:41:01","guid":{"rendered":"https:\/\/dufb.wpengine.com\/recomendar-una-ubicacion\/"},"modified":"2022-05-30T12:15:31","modified_gmt":"2022-05-30T12:15:31","slug":"recomendar-una-ubicacion","status":"publish","type":"page","link":"https:\/\/doubleupfoodbucks.org\/es\/recomendar-una-ubicacion\/","title":{"rendered":"Recomendar una ubicaci\u00f3n"},"content":{"rendered":"\n<h1>\n\t\tRecomiende una tienda o Mercado Agr\u00edcola cerca de usted \n\t<\/h1>\n\t\t\t\t<img loading=\"lazy\" decoding=\"async\" src=\"https:\/\/doubleupfoodbucks.org\/wp-content\/uploads\/\/2020\/11\/bridge_card_image.svg\" alt=\"bridge_card_image\" itemprop=\"image\" height=\"90\" width=\"190\" title=\"bridge_card_image\" onerror=\"this.style.display='none'\"  \/>\n\t<p>Ayude a <em>Double Up<\/em> a establecerse en su comunidad, y complete el formulario a continuaci\u00f3n.<\/p>\n\t\t\t\t<img loading=\"lazy\" decoding=\"async\" src=\"https:\/\/doubleupfoodbucks.org\/wp-content\/uploads\/\/2020\/10\/arrow_down_white.svg\" alt=\"arrow_down_white\" itemprop=\"image\" height=\"32\" width=\"18\" title=\"arrow_down_white\" onerror=\"this.style.display='none'\"  \/>\n\t\t\t\t<img loading=\"lazy\" decoding=\"async\" src=\"https:\/\/doubleupfoodbucks.org\/wp-content\/uploads\/\/2020\/11\/wave_bottom2.svg\" alt=\"wave_bottom2\" itemprop=\"image\" height=\"112\" width=\"1367\" title=\"wave_bottom2\" onerror=\"this.style.display='none'\"  \/>\n\t<div class=\"wpforms-container wpforms-container-full dufb_form\" id=\"wpforms-696\"><form id=\"wpforms-form-696\" class=\"wpforms-validate wpforms-form wpforms-ajax-form\" data-formid=\"696\" method=\"post\" enctype=\"multipart\/form-data\" action=\"\/es\/wp-json\/wp\/v2\/pages\/1376\" data-token=\"498a7fd683d827980c03a0b556f6e399\" data-token-time=\"1777595821\"><noscript class=\"wpforms-error-noscript\">Por favor, activa JavaScript en tu navegador para completar este formulario.<\/noscript><div class=\"wpforms-field-container\">\t\t<div id=\"wpforms-696-field_1-container\"\n\t\t\tclass=\"wpforms-field wpforms-field-text\"\n\t\t\tdata-field-type=\"text\"\n\t\t\tdata-field-id=\"1\"\n\t\t\t>\n\t\t\t<label class=\"wpforms-field-label\" for=\"wpforms-696-field_1\" >la o de<\/label>\n\t\t\t<input type=\"text\" id=\"wpforms-696-field_1\" class=\"wpforms-field-medium\" name=\"wpforms[fields][1]\" >\n\t\t<\/div>\n\t\t<div id=\"wpforms-696-field_3-container\" class=\"wpforms-field wpforms-field-text\" data-field-id=\"3\"><label class=\"wpforms-field-label wpforms-label-hide\" for=\"wpforms-696-field_3\">C\u00f3digo postal <span class=\"wpforms-required-label\">*<\/span><\/label><input type=\"text\" id=\"wpforms-696-field_3\" class=\"wpforms-field-large wpforms-field-required\" name=\"wpforms[fields][3]\" placeholder=\"Su c\u00f3digo postal*\" required><\/div><div id=\"wpforms-696-field_6-container\" class=\"wpforms-field wpforms-field-name\" data-field-id=\"6\"><label class=\"wpforms-field-label wpforms-label-hide\" for=\"wpforms-696-field_6\">Nombre <span class=\"wpforms-required-label\">*<\/span><\/label><input type=\"text\" id=\"wpforms-696-field_6\" class=\"wpforms-field-large wpforms-field-required\" name=\"wpforms[fields][6]\" placeholder=\"Su nombre*\" required><\/div><div id=\"wpforms-696-field_7-container\" class=\"wpforms-field wpforms-field-email\" data-field-id=\"7\"><label class=\"wpforms-field-label wpforms-label-hide\" for=\"wpforms-696-field_7\">Correo electr\u00f3nico <span class=\"wpforms-required-label\">*<\/span><\/label><input type=\"email\" id=\"wpforms-696-field_7\" class=\"wpforms-field-large wpforms-field-required\" name=\"wpforms[fields][7]\" placeholder=\"Su direcci\u00f3n de correo electr\u00f3nico*\" spellcheck=\"false\" required><\/div><div id=\"wpforms-696-field_8-container\" class=\"wpforms-field wpforms-field-name\" data-field-id=\"8\"><label class=\"wpforms-field-label wpforms-label-hide\" for=\"wpforms-696-field_8\">Nombre de la tienda o mercado  <span class=\"wpforms-required-label\">*<\/span><\/label><input type=\"text\" id=\"wpforms-696-field_8\" class=\"wpforms-field-large wpforms-field-required\" name=\"wpforms[fields][8]\" placeholder=\"Nombre de la tienda o mercado \" required><\/div><div id=\"wpforms-696-field_9-container\" class=\"wpforms-field wpforms-field-name\" data-field-id=\"9\"><label class=\"wpforms-field-label wpforms-label-hide\" for=\"wpforms-696-field_9\">P\u00e1gina de internet de la tienda o mercado<\/label><input type=\"text\" id=\"wpforms-696-field_9\" class=\"wpforms-field-large\" name=\"wpforms[fields][9]\" placeholder=\"P\u00e1gina de internet de la tienda o mercado\" ><\/div><div id=\"wpforms-696-field_11-container\" class=\"wpforms-field wpforms-field-phone\" data-field-id=\"11\"><label class=\"wpforms-field-label wpforms-label-hide\" for=\"wpforms-696-field_11\">N\u00famero de tel\u00e9fono de esta ubicaci\u00f3n<\/label><input type=\"tel\" id=\"wpforms-696-field_11\" class=\"wpforms-field-large wpforms-masked-input\" data-inputmask=\"&#039;mask&#039;: &#039;(999) 999-9999&#039;\" data-rule-us-phone-field=\"true\" data-inputmask-inputmode=\"tel\" name=\"wpforms[fields][11]\" placeholder=\"N\u00famero de tel\u00e9fono de esta ubicaci\u00f3n\" aria-label=\"N\u00famero de tel\u00e9fono de esta ubicaci\u00f3n\" ><\/div><script>\n\t\t\t\t( function() {\n\t\t\t\t\tconst style = document.createElement( 'style' );\n\t\t\t\t\tstyle.appendChild( document.createTextNode( '#wpforms-696-field_1-container { position: absolute !important; overflow: hidden !important; display: inline !important; height: 1px !important; width: 1px !important; z-index: -1000 !important; padding: 0 !important; } #wpforms-696-field_1-container input { visibility: hidden; } #wpforms-conversational-form-page #wpforms-696-field_1-container label { counter-increment: none; }' ) );\n\t\t\t\t\tdocument.head.appendChild( style );\n\t\t\t\t\tdocument.currentScript?.remove();\n\t\t\t\t} )();\n\t\t\t<\/script><\/div><!-- .wpforms-field-container --><div class=\"wpforms-recaptcha-container wpforms-is-recaptcha wpforms-is-recaptcha-type-v3\" ><input type=\"hidden\" name=\"wpforms[recaptcha]\" value=\"\"><\/div><div class=\"wpforms-submit-container\" ><input type=\"hidden\" name=\"wpforms[id]\" value=\"696\"><input type=\"hidden\" name=\"page_title\" value=\"\"><input type=\"hidden\" name=\"page_url\" value=\"https:\/\/doubleupfoodbucks.org\/es\/wp-json\/wp\/v2\/pages\/1376\"><input type=\"hidden\" name=\"url_referer\" value=\"\"><button type=\"submit\" name=\"wpforms[submit]\" id=\"wpforms-submit-696\" class=\"wpforms-submit dufb_submit_form\" data-alt-text=\"Enviando...\" data-submit-text=\"Env\u00ede su mensaje\" aria-live=\"assertive\" value=\"wpforms-submit\">Env\u00ede su mensaje<\/button><img loading=\"lazy\" decoding=\"async\" src=\"https:\/\/doubleupfoodbucks.org\/wp-content\/plugins\/wpforms\/assets\/images\/submit-spin.svg\" class=\"wpforms-submit-spinner\" style=\"display: none;\" width=\"26\" height=\"26\" alt=\"Cargando\"><\/div><\/form><\/div>  <!-- .wpforms-container -->\n\n","protected":false},"excerpt":{"rendered":"<p>Recomiende una tienda o Mercado Agr\u00edcola cerca de usted Ayude a Double Up a establecerse en su comunidad, y complete el formulario a continuaci\u00f3n.<\/p>\n","protected":false},"author":8,"featured_media":421,"parent":0,"menu_order":0,"comment_status":"closed","ping_status":"closed","template":"","meta":{"_acf_changed":false,"inline_featured_image":false,"footnotes":""},"class_list":["post-1376","page","type-page","status-publish","has-post-thumbnail","hentry"],"acf":[],"yoast_head":"<!-- This site is optimized with the Yoast SEO plugin v27.5 - https:\/\/yoast.com\/product\/yoast-seo-wordpress\/ -->\n<title>Recomendar una ubicaci\u00f3n | DUFB Michigan<\/title>\n<meta name=\"description\" content=\"Obtenga el doble de frutas y verduras con Double Up Food Bucks (DUFB, por sus siglas en ingl\u00e9s). Use su Bridge Card en todo Michigan para obtener m\u00e1s frutas y verduras con DUFB.\" \/>\n<meta name=\"robots\" content=\"index, follow, max-snippet:-1, max-image-preview:large, max-video-preview:-1\" \/>\n<link rel=\"canonical\" href=\"https:\/\/doubleupfoodbucks.org\/es\/recomendar-una-ubicacion\/\" \/>\n<meta property=\"og:locale\" content=\"es_ES\" \/>\n<meta property=\"og:type\" content=\"article\" \/>\n<meta property=\"og:title\" content=\"Recomendar una ubicaci\u00f3n | DUFB Michigan\" \/>\n<meta property=\"og:description\" content=\"Obtenga el doble de frutas y verduras con Double Up Food Bucks (DUFB, por sus siglas en ingl\u00e9s). Use su Bridge Card en todo Michigan para obtener m\u00e1s frutas y verduras con DUFB.\" \/>\n<meta property=\"og:url\" content=\"https:\/\/doubleupfoodbucks.org\/es\/recomendar-una-ubicacion\/\" \/>\n<meta property=\"og:site_name\" content=\"Double Up Food Bucks | Michigan\" \/>\n<meta property=\"article:modified_time\" content=\"2022-05-30T12:15:31+00:00\" \/>\n<meta property=\"og:image\" content=\"https:\/\/doubleupfoodbucks.org\/wp-content\/uploads\/2020\/11\/how-dufb-works-flint-hero.jpg\" \/>\n\t<meta property=\"og:image:width\" content=\"1600\" \/>\n\t<meta property=\"og:image:height\" content=\"1000\" \/>\n\t<meta property=\"og:image:type\" content=\"image\/jpeg\" \/>\n<meta name=\"twitter:card\" content=\"summary_large_image\" \/>\n<script type=\"application\/ld+json\" class=\"yoast-schema-graph\">{\"@context\":\"https:\\\/\\\/schema.org\",\"@graph\":[{\"@type\":\"WebPage\",\"@id\":\"https:\\\/\\\/doubleupfoodbucks.org\\\/es\\\/recomendar-una-ubicacion\\\/\",\"url\":\"https:\\\/\\\/doubleupfoodbucks.org\\\/es\\\/recomendar-una-ubicacion\\\/\",\"name\":\"Recomendar una ubicaci\u00f3n | DUFB Michigan\",\"isPartOf\":{\"@id\":\"https:\\\/\\\/doubleupfoodbucks.org\\\/es\\\/#website\"},\"primaryImageOfPage\":{\"@id\":\"https:\\\/\\\/doubleupfoodbucks.org\\\/es\\\/recomendar-una-ubicacion\\\/#primaryimage\"},\"image\":{\"@id\":\"https:\\\/\\\/doubleupfoodbucks.org\\\/es\\\/recomendar-una-ubicacion\\\/#primaryimage\"},\"thumbnailUrl\":\"https:\\\/\\\/doubleupfoodbucks.org\\\/wp-content\\\/uploads\\\/2020\\\/11\\\/how-dufb-works-flint-hero.jpg\",\"datePublished\":\"2021-01-08T17:41:01+00:00\",\"dateModified\":\"2022-05-30T12:15:31+00:00\",\"description\":\"Obtenga el doble de frutas y verduras con Double Up Food Bucks (DUFB, por sus siglas en ingl\u00e9s). Use su Bridge Card en todo Michigan para obtener m\u00e1s frutas y verduras con DUFB.\",\"breadcrumb\":{\"@id\":\"https:\\\/\\\/doubleupfoodbucks.org\\\/es\\\/recomendar-una-ubicacion\\\/#breadcrumb\"},\"inLanguage\":\"es\",\"potentialAction\":[{\"@type\":\"ReadAction\",\"target\":[\"https:\\\/\\\/doubleupfoodbucks.org\\\/es\\\/recomendar-una-ubicacion\\\/\"]}]},{\"@type\":\"ImageObject\",\"inLanguage\":\"es\",\"@id\":\"https:\\\/\\\/doubleupfoodbucks.org\\\/es\\\/recomendar-una-ubicacion\\\/#primaryimage\",\"url\":\"https:\\\/\\\/doubleupfoodbucks.org\\\/wp-content\\\/uploads\\\/2020\\\/11\\\/how-dufb-works-flint-hero.jpg\",\"contentUrl\":\"https:\\\/\\\/doubleupfoodbucks.org\\\/wp-content\\\/uploads\\\/2020\\\/11\\\/how-dufb-works-flint-hero.jpg\",\"width\":1600,\"height\":1000,\"caption\":\"El interior de una tienda de comestibles Flint local. Dos mujeres y un ni\u00f1o peque\u00f1o sosteniendo un globo est\u00e1n comprando en la exhibici\u00f3n de productos llamada \\\"Steady Eddie's Veggies\\\".\"},{\"@type\":\"BreadcrumbList\",\"@id\":\"https:\\\/\\\/doubleupfoodbucks.org\\\/es\\\/recomendar-una-ubicacion\\\/#breadcrumb\",\"itemListElement\":[{\"@type\":\"ListItem\",\"position\":1,\"name\":\"Home\",\"item\":\"https:\\\/\\\/doubleupfoodbucks.org\\\/es\\\/\"},{\"@type\":\"ListItem\",\"position\":2,\"name\":\"Recomendar una ubicaci\u00f3n\"}]},{\"@type\":\"WebSite\",\"@id\":\"https:\\\/\\\/doubleupfoodbucks.org\\\/es\\\/#website\",\"url\":\"https:\\\/\\\/doubleupfoodbucks.org\\\/es\\\/\",\"name\":\"Double Up Food Bucks | Michigan\",\"description\":\"Get FREE fruits &amp; veggies with Double Up Food Bucks\",\"potentialAction\":[{\"@type\":\"SearchAction\",\"target\":{\"@type\":\"EntryPoint\",\"urlTemplate\":\"https:\\\/\\\/doubleupfoodbucks.org\\\/es\\\/?s={search_term_string}\"},\"query-input\":{\"@type\":\"PropertyValueSpecification\",\"valueRequired\":true,\"valueName\":\"search_term_string\"}}],\"inLanguage\":\"es\"}]}<\/script>\n<!-- \/ Yoast SEO plugin. -->","yoast_head_json":{"title":"Recomendar una ubicaci\u00f3n | DUFB Michigan","description":"Obtenga el doble de frutas y verduras con Double Up Food Bucks (DUFB, por sus siglas en ingl\u00e9s). Use su Bridge Card en todo Michigan para obtener m\u00e1s frutas y verduras con DUFB.","robots":{"index":"index","follow":"follow","max-snippet":"max-snippet:-1","max-image-preview":"max-image-preview:large","max-video-preview":"max-video-preview:-1"},"canonical":"https:\/\/doubleupfoodbucks.org\/es\/recomendar-una-ubicacion\/","og_locale":"es_ES","og_type":"article","og_title":"Recomendar una ubicaci\u00f3n | DUFB Michigan","og_description":"Obtenga el doble de frutas y verduras con Double Up Food Bucks (DUFB, por sus siglas en ingl\u00e9s). Use su Bridge Card en todo Michigan para obtener m\u00e1s frutas y verduras con DUFB.","og_url":"https:\/\/doubleupfoodbucks.org\/es\/recomendar-una-ubicacion\/","og_site_name":"Double Up Food Bucks | Michigan","article_modified_time":"2022-05-30T12:15:31+00:00","og_image":[{"width":1600,"height":1000,"url":"https:\/\/doubleupfoodbucks.org\/wp-content\/uploads\/2020\/11\/how-dufb-works-flint-hero.jpg","type":"image\/jpeg"}],"twitter_card":"summary_large_image","schema":{"@context":"https:\/\/schema.org","@graph":[{"@type":"WebPage","@id":"https:\/\/doubleupfoodbucks.org\/es\/recomendar-una-ubicacion\/","url":"https:\/\/doubleupfoodbucks.org\/es\/recomendar-una-ubicacion\/","name":"Recomendar una ubicaci\u00f3n | DUFB Michigan","isPartOf":{"@id":"https:\/\/doubleupfoodbucks.org\/es\/#website"},"primaryImageOfPage":{"@id":"https:\/\/doubleupfoodbucks.org\/es\/recomendar-una-ubicacion\/#primaryimage"},"image":{"@id":"https:\/\/doubleupfoodbucks.org\/es\/recomendar-una-ubicacion\/#primaryimage"},"thumbnailUrl":"https:\/\/doubleupfoodbucks.org\/wp-content\/uploads\/2020\/11\/how-dufb-works-flint-hero.jpg","datePublished":"2021-01-08T17:41:01+00:00","dateModified":"2022-05-30T12:15:31+00:00","description":"Obtenga el doble de frutas y verduras con Double Up Food Bucks (DUFB, por sus siglas en ingl\u00e9s). Use su Bridge Card en todo Michigan para obtener m\u00e1s frutas y verduras con DUFB.","breadcrumb":{"@id":"https:\/\/doubleupfoodbucks.org\/es\/recomendar-una-ubicacion\/#breadcrumb"},"inLanguage":"es","potentialAction":[{"@type":"ReadAction","target":["https:\/\/doubleupfoodbucks.org\/es\/recomendar-una-ubicacion\/"]}]},{"@type":"ImageObject","inLanguage":"es","@id":"https:\/\/doubleupfoodbucks.org\/es\/recomendar-una-ubicacion\/#primaryimage","url":"https:\/\/doubleupfoodbucks.org\/wp-content\/uploads\/2020\/11\/how-dufb-works-flint-hero.jpg","contentUrl":"https:\/\/doubleupfoodbucks.org\/wp-content\/uploads\/2020\/11\/how-dufb-works-flint-hero.jpg","width":1600,"height":1000,"caption":"El interior de una tienda de comestibles Flint local. Dos mujeres y un ni\u00f1o peque\u00f1o sosteniendo un globo est\u00e1n comprando en la exhibici\u00f3n de productos llamada \"Steady Eddie's Veggies\"."},{"@type":"BreadcrumbList","@id":"https:\/\/doubleupfoodbucks.org\/es\/recomendar-una-ubicacion\/#breadcrumb","itemListElement":[{"@type":"ListItem","position":1,"name":"Home","item":"https:\/\/doubleupfoodbucks.org\/es\/"},{"@type":"ListItem","position":2,"name":"Recomendar una ubicaci\u00f3n"}]},{"@type":"WebSite","@id":"https:\/\/doubleupfoodbucks.org\/es\/#website","url":"https:\/\/doubleupfoodbucks.org\/es\/","name":"Double Up Food Bucks | Michigan","description":"Get FREE fruits &amp; veggies with Double Up Food Bucks","potentialAction":[{"@type":"SearchAction","target":{"@type":"EntryPoint","urlTemplate":"https:\/\/doubleupfoodbucks.org\/es\/?s={search_term_string}"},"query-input":{"@type":"PropertyValueSpecification","valueRequired":true,"valueName":"search_term_string"}}],"inLanguage":"es"}]}},"_links":{"self":[{"href":"https:\/\/doubleupfoodbucks.org\/es\/wp-json\/wp\/v2\/pages\/1376","targetHints":{"allow":["GET"]}}],"collection":[{"href":"https:\/\/doubleupfoodbucks.org\/es\/wp-json\/wp\/v2\/pages"}],"about":[{"href":"https:\/\/doubleupfoodbucks.org\/es\/wp-json\/wp\/v2\/types\/page"}],"author":[{"embeddable":true,"href":"https:\/\/doubleupfoodbucks.org\/es\/wp-json\/wp\/v2\/users\/8"}],"replies":[{"embeddable":true,"href":"https:\/\/doubleupfoodbucks.org\/es\/wp-json\/wp\/v2\/comments?post=1376"}],"version-history":[{"count":0,"href":"https:\/\/doubleupfoodbucks.org\/es\/wp-json\/wp\/v2\/pages\/1376\/revisions"}],"wp:featuredmedia":[{"embeddable":true,"href":"https:\/\/doubleupfoodbucks.org\/es\/wp-json\/wp\/v2\/media\/421"}],"wp:attachment":[{"href":"https:\/\/doubleupfoodbucks.org\/es\/wp-json\/wp\/v2\/media?parent=1376"}],"curies":[{"name":"wp","href":"https:\/\/api.w.org\/{rel}","templated":true}]}}